{"id":52568,"date":"2025-02-22T09:14:39","date_gmt":"2025-02-22T08:14:39","guid":{"rendered":"https:\/\/www.owc.lu\/?page_id=52568"},"modified":"2025-02-22T09:19:25","modified_gmt":"2025-02-22T08:19:25","slug":"barmes-buecher","status":"publish","type":"page","link":"https:\/\/www.owc.lu\/en\/barmes-buecher\/","title":{"rendered":"Domaine Barmes Buecher &#8211; Alsace"},"content":{"rendered":"\n<div class=\"wp-block-getwid-section alignfull alignfull getwid-section-content-custom-width\" style=\"margin-top:6px\"><div class=\"wp-block-getwid-section__wrapper\"><div class=\"wp-block-getwid-section__inner-wrapper\" style=\"max-width:1410px\"><div class=\"wp-block-getwid-section__background-holder\"><div class=\"wp-block-getwid-section__background\"><\/div><div class=\"wp-block-getwid-section__foreground\"><\/div><\/div><div class=\"wp-block-getwid-section__content\"><div class=\"wp-block-getwid-section__inner-content\">\n<div class=\"wp-block-columns is-layout-flex wp-container-core-columns-is-layout-9d6595d7 wp-block-columns-is-layout-flex\">\n<div class=\"wp-block-column is-vertically-aligned-top is-layout-flow wp-block-column-is-layout-flow\">\n<div class=\"wp-block-getwid-section getwid-margin-top-none getwid-margin-bottom-none\"><div class=\"wp-block-getwid-section__wrapper getwid-padding-top-none getwid-padding-bottom-none getwid-padding-left-none getwid-padding-right-none getwid-margin-left-none getwid-margin-right-none getwid-align-items-flex-start getwid-justify-content-flex-start\"><div class=\"wp-block-getwid-section__inner-wrapper\"><div class=\"wp-block-getwid-section__background-holder\"><div class=\"wp-block-getwid-section__background\"><\/div><div class=\"wp-block-getwid-section__foreground\"><\/div><\/div><div class=\"wp-block-getwid-section__content\"><div class=\"wp-block-getwid-section__inner-content\">\n<p>Domaine Barm\u00e8s-Buecher, located in the heart of the Alsace region, just a few kilometres from Colmar and Eguisheim, was founded in 1985 by Genevi\u00e8ve Barm\u00e8s (n\u00e9e Buecher) and her husband Fran\u00e7ois Barm\u00e8s. They combined the landholdings of their respective families, who had owned vines in Wettolsheim, one of the region\u2019s largest wine-producing towns, since the 17th century.<br>Genevi\u00e8ve and Fran\u00e7ois chose to grow their vines using biodynamic methods, with a focus on respect for nature, life forces and natural cycles. The Domaine\u2019s 17 hectares were converted to biodynamic growing in 1998 and have been certified biodynamic since the 2001 vintage<\/p>\n\n\n\n<p>In 2011, the accidental disappearance of Fran\u00e7ois, accelerated the involvement of his daughter<br>Sophie and his son Maxime. Maxime took over production and vinification and, along with his sister and mother, continued the rigorous work in the vineyards and winery intent on producing wines with very distinctive personalities.<br>The recognition from the French and international press, as well as a loyal clientele, attest to the Barm\u00e8s-Buecher family\u2019s great expertise and the quality of the wines produced.<\/p>\n\n\n\n<p>Domaine Barm\u00e8s-Buecher crafts its wines in a winery sitting in the heart of the vineyards, using an excellent raw material, the grape, grown with great care and respect. The wines reflect the subtle relationship between the vine, the terroir, the vintage and man. Their approach is based on \u2018bespoke\u2019 practices which are adapted to the individual needs of each plot of vines in order to produce authentic wines which are a true reflection of their terroir.<\/p>\n\n\n\n<p>The estate prefers to use manual growing practices to respect the vine and terroir and to minimise the mechanical work carried out in the vineyards, where they use only lightweight machinery to reduce soil compaction. Animal traction has even been reintroduced in the Hengst Grand Cru vineyards. All of the work in the vineyards is carried out by permanent and experienced team members in close collaboration with Maxime and the family. Thanks to their painstaking, meticulous work, the Domaine is able to produce unique wines.<\/p>\n\n\n\n<p>Each bottle bears the stamp of its terroir respecting and continuing the family\u2019s work over several generations.<\/p>\n\n\n\n<p>The range extends over 18 hectares, 7 terroirs (Rosenberg, Leimental, Clos Sand, Herrenweg) including 3 Grands Crus (Hengst, Pfersigberg, Steingrubler).<\/p>\n\n\n\n<p>And the grape varieties bring together the whole range of local varieties :<\/p>\n\n\n\n<p>26% Riesling, 16% Pinot Gris, 8% Pinot Blanc, 4% Chardonnay, 21% Gewurztraminer, 12% Auxerrois, 8% Pinot Noir, 3% Muscat Ottonel and 2% Sylvaner.<\/p>\n\n\n\n<p>The range is divided into 3 parts: fruit wines, terroir wines and Grands Crus, which includes a Brut Nature and a maceration wine.<\/p>\n\n\n\n<p>Praised by critics (3 stars in the Revue des Vins de France) and having received very high scores in the 2025 February Wine Advocate report (91-96\/100), the Barmes Buecher estate plays in the big league of Riesling, Pinot Gris and other Gewurztraminer!<\/p>\n\n\n\n<p>The Alsatian high-end, at a price that is still affordable. An excellent deal!<\/p>\n\n\n\n<p>More information on Barmes Buecher\u00a0<a href=\"https:\/\/barmes-buecher.com\/en\/\">here<\/a><\/p>\n\n\n\n<p>All the Barmes Buecher wines on sale\u00a0\u00a0<a href=\"https:\/\/www.owc.lu\/en\/shop\/?filter_producteur=barmes-buecher-en\">here<\/a><\/p>\n<\/div><\/div><\/div><\/div><\/div>\n<\/div>\n\n\n\n<div class=\"wp-block-column is-layout-flow wp-block-column-is-layout-flow\">\n<div id=\"envira-gallery-wrap-52545\" class=\"envira-gallery-wrap envira-gallery-theme-base envira-lightbox-theme-base\" itemscope itemtype=\"https:\/\/schema.org\/ImageGallery\"><div data-row-height=\"\" data-gallery-theme=\"\" id=\"envira-gallery-52545\" class=\"envira-gallery-public  envira-gallery-1-columns envira-clear enviratope envira-gallery-css-animations\" data-envira-columns=\"1\"><div id=\"envira-gallery-item-52558\" class=\"envira-gallery-item enviratope-item envira-gallery-item-1\" style=\"padding-left: 5px; padding-bottom: 10px; padding-right: 5px;\"  itemscope itemtype=\"https:\/\/schema.org\/ImageObject\"><div class=\"envira-gallery-item-inner\"><div class=\"envira-gallery-position-overlay  envira-gallery-top-left\"><\/div><div class=\"envira-gallery-position-overlay  envira-gallery-top-right\"><\/div><div class=\"envira-gallery-position-overlay  envira-gallery-bottom-left\"><\/div><div class=\"envira-gallery-position-overlay  envira-gallery-bottom-right\"><\/div><a href=\"https:\/\/www.owc.lu\/wp-content\/uploads\/2025\/02\/lc_21_071167-photo-c-leif-carlsson.jpeg\" class=\"envira-gallery-52545 envira-gallery-link\" rel=\"enviragallery52545\" title=\"lc_21_071167-photo-c-leif-carlsson\" data-envira-caption=\"lc_21_071167-photo-c-leif-carlsson\" data-envira-retina=\"\" data-thumbnail=\"\"  itemprop=\"contentUrl\"><img decoding=\"async\" id=\"envira-gallery-image-52558\" class=\"envira-gallery-image envira-gallery-image-1\" data-envira-index=\"1\" src=\"https:\/\/www.owc.lu\/wp-content\/uploads\/2025\/02\/lc_21_071167-photo-c-leif-carlsson-1024x683-640x480.jpeg\" data-envira-src=\"https:\/\/www.owc.lu\/wp-content\/uploads\/2025\/02\/lc_21_071167-photo-c-leif-carlsson-1024x683-640x480.jpeg\" data-envira-gallery-id=\"52545\" data-envira-item-id=\"52558\" data-envira-caption=\"lc_21_071167-photo-c-leif-carlsson\" alt=\"\" title=\"lc_21_071167-photo-c-leif-carlsson\"  itemprop=\"thumbnailUrl\" data-envira-srcset=\"https:\/\/www.owc.lu\/wp-content\/uploads\/2025\/02\/lc_21_071167-photo-c-leif-carlsson-1024x683-640x480.jpeg 400w,https:\/\/www.owc.lu\/wp-content\/uploads\/2025\/02\/lc_21_071167-photo-c-leif-carlsson-1024x683-640x480.jpeg 2x\" srcset=\"https:\/\/www.owc.lu\/wp-content\/uploads\/2025\/02\/lc_21_071167-photo-c-leif-carlsson-1280x960.jpeg 2x\" \/><\/a><\/div><\/div><div id=\"envira-gallery-item-52556\" class=\"envira-gallery-item enviratope-item envira-gallery-item-2\" style=\"padding-left: 5px; padding-bottom: 10px; padding-right: 5px;\"  itemscope itemtype=\"https:\/\/schema.org\/ImageObject\"><div class=\"envira-gallery-item-inner\"><div class=\"envira-gallery-position-overlay  envira-gallery-top-left\"><\/div><div class=\"envira-gallery-position-overlay  envira-gallery-top-right\"><\/div><div class=\"envira-gallery-position-overlay  envira-gallery-bottom-left\"><\/div><div class=\"envira-gallery-position-overlay  envira-gallery-bottom-right\"><\/div><a href=\"https:\/\/www.owc.lu\/wp-content\/uploads\/2025\/02\/bb-pinotgris-rosenberg_1402-redim.jpg\" class=\"envira-gallery-52545 envira-gallery-link\" rel=\"enviragallery52545\" title=\"bb-pinotgris-rosenberg_1402-redim\" data-envira-caption=\"bb-pinotgris-rosenberg_1402-redim\" data-envira-retina=\"\" data-thumbnail=\"\"  itemprop=\"contentUrl\"><img decoding=\"async\" id=\"envira-gallery-image-52556\" class=\"envira-gallery-image envira-gallery-image-2\" data-envira-index=\"2\" src=\"https:\/\/www.owc.lu\/wp-content\/uploads\/2025\/02\/bb-pinotgris-rosenberg_1402-redim-1024x682-640x480.jpg\" data-envira-src=\"https:\/\/www.owc.lu\/wp-content\/uploads\/2025\/02\/bb-pinotgris-rosenberg_1402-redim-1024x682-640x480.jpg\" data-envira-gallery-id=\"52545\" data-envira-item-id=\"52556\" data-envira-caption=\"bb-pinotgris-rosenberg_1402-redim\" alt=\"\" title=\"bb-pinotgris-rosenberg_1402-redim\"  itemprop=\"thumbnailUrl\" data-envira-srcset=\"https:\/\/www.owc.lu\/wp-content\/uploads\/2025\/02\/bb-pinotgris-rosenberg_1402-redim-1024x682-640x480.jpg 400w,https:\/\/www.owc.lu\/wp-content\/uploads\/2025\/02\/bb-pinotgris-rosenberg_1402-redim-1024x682-640x480.jpg 2x\" srcset=\"https:\/\/www.owc.lu\/wp-content\/uploads\/2025\/02\/bb-pinotgris-rosenberg_1402-redim-1280x960.jpg 2x\" \/><\/a><\/div><\/div><div id=\"envira-gallery-item-52560\" class=\"envira-gallery-item enviratope-item envira-gallery-item-3\" style=\"padding-left: 5px; padding-bottom: 10px; padding-right: 5px;\"  itemscope itemtype=\"https:\/\/schema.org\/ImageObject\"><div class=\"envira-gallery-item-inner\"><div class=\"envira-gallery-position-overlay  envira-gallery-top-left\"><\/div><div class=\"envira-gallery-position-overlay  envira-gallery-top-right\"><\/div><div class=\"envira-gallery-position-overlay  envira-gallery-bottom-left\"><\/div><div class=\"envira-gallery-position-overlay  envira-gallery-bottom-right\"><\/div><a href=\"https:\/\/www.owc.lu\/wp-content\/uploads\/2025\/02\/lc_21_072073-photo-c-leif-carlsson.jpeg\" class=\"envira-gallery-52545 envira-gallery-link\" rel=\"enviragallery52545\" title=\"lc_21_072073-photo-c-leif-carlsson\" data-envira-caption=\"lc_21_072073-photo-c-leif-carlsson\" data-envira-retina=\"\" data-thumbnail=\"\"  itemprop=\"contentUrl\"><img decoding=\"async\" id=\"envira-gallery-image-52560\" class=\"envira-gallery-image envira-gallery-image-3\" data-envira-index=\"3\" src=\"https:\/\/www.owc.lu\/wp-content\/uploads\/2025\/02\/lc_21_072073-photo-c-leif-carlsson-1024x683-640x480.jpeg\" data-envira-src=\"https:\/\/www.owc.lu\/wp-content\/uploads\/2025\/02\/lc_21_072073-photo-c-leif-carlsson-1024x683-640x480.jpeg\" data-envira-gallery-id=\"52545\" data-envira-item-id=\"52560\" data-envira-caption=\"lc_21_072073-photo-c-leif-carlsson\" alt=\"\" title=\"lc_21_072073-photo-c-leif-carlsson\"  itemprop=\"thumbnailUrl\" data-envira-srcset=\"https:\/\/www.owc.lu\/wp-content\/uploads\/2025\/02\/lc_21_072073-photo-c-leif-carlsson-1024x683-640x480.jpeg 400w,https:\/\/www.owc.lu\/wp-content\/uploads\/2025\/02\/lc_21_072073-photo-c-leif-carlsson-1024x683-640x480.jpeg 2x\" srcset=\"https:\/\/www.owc.lu\/wp-content\/uploads\/2025\/02\/lc_21_072073-photo-c-leif-carlsson-1280x960.jpeg 2x\" \/><\/a><\/div><\/div><\/div><\/div><noscript><img decoding=\"async\" src=\"https:\/\/www.owc.lu\/wp-content\/uploads\/2025\/02\/lc_21_071167-photo-c-leif-carlsson.jpeg\" alt=\"\" \/><img decoding=\"async\" src=\"https:\/\/www.owc.lu\/wp-content\/uploads\/2025\/02\/bb-pinotgris-rosenberg_1402-redim.jpg\" alt=\"\" \/><img decoding=\"async\" src=\"https:\/\/www.owc.lu\/wp-content\/uploads\/2025\/02\/lc_21_072073-photo-c-leif-carlsson.jpeg\" alt=\"\" \/><\/noscript>\n<\/div>\n<\/div>\n<\/div><\/div><\/div><\/div><\/div>\n","protected":false},"excerpt":{"rendered":"","protected":false},"author":1,"featured_media":0,"parent":0,"menu_order":0,"comment_status":"closed","ping_status":"closed","template":"","meta":{"inline_featured_image":false,"footnotes":""},"class_list":["post-52568","page","type-page","status-publish","hentry"],"_links":{"self":[{"href":"https:\/\/www.owc.lu\/en\/wp-json\/wp\/v2\/pages\/52568","targetHints":{"allow":["GET"]}}],"collection":[{"href":"https:\/\/www.owc.lu\/en\/wp-json\/wp\/v2\/pages"}],"about":[{"href":"https:\/\/www.owc.lu\/en\/wp-json\/wp\/v2\/types\/page"}],"author":[{"embeddable":true,"href":"https:\/\/www.owc.lu\/en\/wp-json\/wp\/v2\/users\/1"}],"replies":[{"embeddable":true,"href":"https:\/\/www.owc.lu\/en\/wp-json\/wp\/v2\/comments?post=52568"}],"version-history":[{"count":3,"href":"https:\/\/www.owc.lu\/en\/wp-json\/wp\/v2\/pages\/52568\/revisions"}],"predecessor-version":[{"id":52573,"href":"https:\/\/www.owc.lu\/en\/wp-json\/wp\/v2\/pages\/52568\/revisions\/52573"}],"wp:attachment":[{"href":"https:\/\/www.owc.lu\/en\/wp-json\/wp\/v2\/media?parent=52568"}],"curies":[{"name":"wp","href":"https:\/\/api.w.org\/{rel}","templated":true}]}}