{"id":48215,"date":"2024-05-30T22:46:18","date_gmt":"2024-05-30T20:46:18","guid":{"rendered":"https:\/\/www.owc.lu\/tara-atacama-chile\/"},"modified":"2024-07-02T21:46:25","modified_gmt":"2024-07-02T19:46:25","slug":"tara-atacama-chile","status":"publish","type":"page","link":"https:\/\/www.owc.lu\/en\/tara-atacama-chile\/","title":{"rendered":"Tara \u2013 Atacama (Chile)"},"content":{"rendered":"\n<div class=\"wp-block-getwid-section alignfull alignfull getwid-section-content-custom-width\" style=\"margin-top:6px\"><div class=\"wp-block-getwid-section__wrapper\"><div class=\"wp-block-getwid-section__inner-wrapper\" style=\"max-width:1410px\"><div class=\"wp-block-getwid-section__background-holder\"><div class=\"wp-block-getwid-section__background\"><\/div><div class=\"wp-block-getwid-section__foreground\"><\/div><\/div><div class=\"wp-block-getwid-section__content\"><div class=\"wp-block-getwid-section__inner-content\">\n<div class=\"wp-block-columns is-layout-flex wp-container-core-columns-is-layout-9d6595d7 wp-block-columns-is-layout-flex\">\n<div class=\"wp-block-column is-vertically-aligned-top is-layout-flow wp-block-column-is-layout-flow\">\n<div class=\"wp-block-getwid-section getwid-margin-top-none getwid-margin-bottom-none\"><div class=\"wp-block-getwid-section__wrapper getwid-padding-top-none getwid-padding-bottom-none getwid-padding-left-none getwid-padding-right-none getwid-margin-left-none getwid-margin-right-none getwid-align-items-flex-start getwid-justify-content-flex-start\"><div class=\"wp-block-getwid-section__inner-wrapper\"><div class=\"wp-block-getwid-section__background-holder\"><div class=\"wp-block-getwid-section__background\"><\/div><div class=\"wp-block-getwid-section__foreground\"><\/div><\/div><div class=\"wp-block-getwid-section__content\"><div class=\"wp-block-getwid-section__inner-content\">\n<h4 class=\"wp-block-heading\">CHILE \u2013 HUASCO VALLEY<\/h4>\n\n\n\n<p>The Tara estate is located in the North of Chile in an extreme area considered as one of the driest place on earth : the&nbsp;<strong>Atacama desert<\/strong>. Tara produces the only commercial wines from this place, making wines further north than any other winery in Chile. In this area the vintage variation is virtually non-existent. Year after year, the harvest dates are more or less the same with the grapes being picked in early March. In this part of the Huasco Valley where the 2 vineyards Longomilla and Nicolasa are situated, the dense fog known as \u201ccamanchaca\u201d blankets the land each day. This fog comes in from the Pacific Ocean, just 15-20 km to the west. In this desert climate, the moisture from this daily fog provides the vine leaves with a small but important increase in humidity.<\/p>\n\n\n\n<p>This very special climate combined with the chalky and saline soil and low alcohol content (13%) gives birth to wines full of character where the grape variety faces the strong influence of the terroir. 4 different monovarietal cuv\u00e9es are now produced at the&nbsp;<strong>TARA<\/strong>&nbsp;winery : Chardonnay, Sauvignon, Syrah, Pinot noir.<\/p>\n\n\n\n<p>The wines are pressed by feet and bottled by hand. Even the wax covering the cork is done manually. They are bottled unfiltered and unfined and there are no additions to these wines. Just a small amount of sulfur is added to maintain the wines freshness. Due to the very consistent and reliable climate, there is no need for chemicals or pesticides in the vineyard. The volumes are very low year after year with no more than a few thousand bottles produced for each cuv\u00e9e. All numbered.<\/p>\n\n\n\n<p>Ventisquero\/Tara has been the first winery in Chile to obtain in 2012 the \u201cCertified Sustainable Wine of Chile\u201d status, Chile\u2019s first ever certification exclusively for the wine industry.<\/p>\n\n\n\n<p><strong>Felipe Tosso<\/strong>, the head winemaker, came to Ventisquero Tara in 2000 after having visited and worked in the most important regions of the wine industry, including Napa and Sonoma in the USA, Barossa in Australia and some of the most emblematic wine-producing regions of Argentina, France (Ch\u00e2teau Canon-la-Gaffeli\u00e8re, Ch\u00e2teau La Mondotte\u2026), Spain and Italy.<\/p>\n\n\n\n<p>The wine critics don\u2019t stop praising the quality of Tara wines.&nbsp;<strong>Luis Guti\u00e9rrez<\/strong>&nbsp;(<strong>Wine Advocate<\/strong>) \u201cTara is one of the craziest projects in Chile, as it planted vines in the south of the Atacama desert in the Huasco Valley. The wines are wild and characterful, very original\u201d. While&nbsp;<strong>Tim Atkin<\/strong>&nbsp;(MW) has awarded Felipe Tosso as \u201c<strong>Best 2022 winemaker in Chile<\/strong>\u201c. All their tasting notes are available on request.<\/p>\n\n\n\n<p>Here is a great video about this unique vineyard\/area\u00a0 :\u00a0<a href=\"https:\/\/www.youtube.com\/watch?v=ra5j__gVVcA&amp;t=6s\">Youtube<\/a><\/p>\n\n\n\n<p>You will find on the estate\u2019s website all the information concerning the vinification, the philosophy and the wines of Tara Wines\u00a0<a href=\"http:\/\/www.ventisquero.com\/en\/high-end-wines\/taraPortada.html\">here<\/a><\/p>\n<\/div><\/div><\/div><\/div><\/div>\n<\/div>\n\n\n\n<div class=\"wp-block-column is-layout-flow wp-block-column-is-layout-flow\">\n<div id=\"envira-gallery-wrap-50439\" class=\"envira-gallery-wrap envira-gallery-theme-base envira-lightbox-theme-base\" itemscope itemtype=\"https:\/\/schema.org\/ImageGallery\"><div data-row-height=\"\" data-gallery-theme=\"\" id=\"envira-gallery-50439\" class=\"envira-gallery-public  envira-gallery-1-columns envira-clear enviratope envira-gallery-css-animations\" data-envira-columns=\"1\"><div id=\"envira-gallery-item-1126\" class=\"envira-gallery-item enviratope-item envira-gallery-item-1\" style=\"padding-left: 5px; padding-bottom: 10px; padding-right: 5px;\"  itemscope itemtype=\"https:\/\/schema.org\/ImageObject\"><div class=\"envira-gallery-item-inner\"><div class=\"envira-gallery-position-overlay  envira-gallery-top-left\"><\/div><div class=\"envira-gallery-position-overlay  envira-gallery-top-right\"><\/div><div class=\"envira-gallery-position-overlay  envira-gallery-bottom-left\"><\/div><div class=\"envira-gallery-position-overlay  envira-gallery-bottom-right\"><\/div><a href=\"https:\/\/www.owc.lu\/wp-content\/uploads\/2024\/05\/17-1-27336228_1769878949749143_520400540999527407_n.png\" class=\"envira-gallery-50439 envira-gallery-link\" rel=\"enviragallery50439\" title=\"17-1-27336228_1769878949749143_520400540999527407_n\" data-envira-caption=\"17-1-27336228_1769878949749143_520400540999527407_n\" data-envira-retina=\"\" data-thumbnail=\"\"  itemprop=\"contentUrl\"><img decoding=\"async\" id=\"envira-gallery-image-1126\" class=\"envira-gallery-image envira-gallery-image-1\" data-envira-index=\"1\" src=\"https:\/\/www.owc.lu\/wp-content\/uploads\/2024\/05\/17-1-27336228_1769878949749143_520400540999527407_n-300x257.png\" data-envira-src=\"https:\/\/www.owc.lu\/wp-content\/uploads\/2024\/05\/17-1-27336228_1769878949749143_520400540999527407_n-300x257.png\" data-envira-gallery-id=\"50439\" data-envira-item-id=\"1126\" data-envira-caption=\"17-1-27336228_1769878949749143_520400540999527407_n\" alt=\"\" title=\"17-1-27336228_1769878949749143_520400540999527407_n\"  itemprop=\"thumbnailUrl\" data-envira-srcset=\"https:\/\/www.owc.lu\/wp-content\/uploads\/2024\/05\/17-1-27336228_1769878949749143_520400540999527407_n-300x257.png 400w,https:\/\/www.owc.lu\/wp-content\/uploads\/2024\/05\/17-1-27336228_1769878949749143_520400540999527407_n-300x257.png 2x\" srcset=\"https:\/\/www.owc.lu\/wp-content\/uploads\/2024\/05\/17-1-27336228_1769878949749143_520400540999527407_n-600x600.png 2x\" \/><\/a><\/div><\/div><div id=\"envira-gallery-item-1130\" class=\"envira-gallery-item enviratope-item envira-gallery-item-2\" style=\"padding-left: 5px; padding-bottom: 10px; padding-right: 5px;\"  itemscope itemtype=\"https:\/\/schema.org\/ImageObject\"><div class=\"envira-gallery-item-inner\"><div class=\"envira-gallery-position-overlay  envira-gallery-top-left\"><\/div><div class=\"envira-gallery-position-overlay  envira-gallery-top-right\"><\/div><div class=\"envira-gallery-position-overlay  envira-gallery-bottom-left\"><\/div><div class=\"envira-gallery-position-overlay  envira-gallery-bottom-right\"><\/div><a href=\"https:\/\/www.owc.lu\/wp-content\/uploads\/2024\/05\/17-3-Tara_wines.jpg\" class=\"envira-gallery-50439 envira-gallery-link\" rel=\"enviragallery50439\" title=\"17-3-Tara_wines\" data-envira-caption=\"17-3-Tara_wines\" data-envira-retina=\"\" data-thumbnail=\"\"  itemprop=\"contentUrl\"><img decoding=\"async\" id=\"envira-gallery-image-1130\" class=\"envira-gallery-image envira-gallery-image-2\" data-envira-index=\"2\" src=\"https:\/\/www.owc.lu\/wp-content\/uploads\/2024\/05\/17-3-Tara_wines-276x300.jpg\" data-envira-src=\"https:\/\/www.owc.lu\/wp-content\/uploads\/2024\/05\/17-3-Tara_wines-276x300.jpg\" data-envira-gallery-id=\"50439\" data-envira-item-id=\"1130\" data-envira-caption=\"17-3-Tara_wines\" alt=\"\" title=\"17-3-Tara_wines\"  itemprop=\"thumbnailUrl\" data-envira-srcset=\"https:\/\/www.owc.lu\/wp-content\/uploads\/2024\/05\/17-3-Tara_wines-276x300.jpg 400w,https:\/\/www.owc.lu\/wp-content\/uploads\/2024\/05\/17-3-Tara_wines-276x300.jpg 2x\" srcset=\"https:\/\/www.owc.lu\/wp-content\/uploads\/2024\/05\/17-3-Tara_wines-600x600.jpg 2x\" \/><\/a><\/div><\/div><div id=\"envira-gallery-item-1128\" class=\"envira-gallery-item enviratope-item envira-gallery-item-3\" style=\"padding-left: 5px; padding-bottom: 10px; padding-right: 5px;\"  itemscope itemtype=\"https:\/\/schema.org\/ImageObject\"><div class=\"envira-gallery-item-inner\"><div class=\"envira-gallery-position-overlay  envira-gallery-top-left\"><\/div><div class=\"envira-gallery-position-overlay  envira-gallery-top-right\"><\/div><div class=\"envira-gallery-position-overlay  envira-gallery-bottom-left\"><\/div><div class=\"envira-gallery-position-overlay  envira-gallery-bottom-right\"><\/div><a href=\"https:\/\/www.owc.lu\/wp-content\/uploads\/2024\/05\/17-2-33384176_1927257320677971_7940047143228669952_n.png\" class=\"envira-gallery-50439 envira-gallery-link\" rel=\"enviragallery50439\" title=\"17-2-33384176_1927257320677971_7940047143228669952_n\" data-envira-caption=\"17-2-33384176_1927257320677971_7940047143228669952_n\" data-envira-retina=\"\" data-thumbnail=\"\"  itemprop=\"contentUrl\"><img decoding=\"async\" id=\"envira-gallery-image-1128\" class=\"envira-gallery-image envira-gallery-image-3\" data-envira-index=\"3\" src=\"https:\/\/www.owc.lu\/wp-content\/uploads\/2024\/05\/17-2-33384176_1927257320677971_7940047143228669952_n-300x300.png\" data-envira-src=\"https:\/\/www.owc.lu\/wp-content\/uploads\/2024\/05\/17-2-33384176_1927257320677971_7940047143228669952_n-300x300.png\" data-envira-gallery-id=\"50439\" data-envira-item-id=\"1128\" data-envira-caption=\"17-2-33384176_1927257320677971_7940047143228669952_n\" alt=\"\" title=\"17-2-33384176_1927257320677971_7940047143228669952_n\"  itemprop=\"thumbnailUrl\" data-envira-srcset=\"https:\/\/www.owc.lu\/wp-content\/uploads\/2024\/05\/17-2-33384176_1927257320677971_7940047143228669952_n-300x300.png 400w,https:\/\/www.owc.lu\/wp-content\/uploads\/2024\/05\/17-2-33384176_1927257320677971_7940047143228669952_n-300x300.png 2x\" srcset=\"https:\/\/www.owc.lu\/wp-content\/uploads\/2024\/05\/17-2-33384176_1927257320677971_7940047143228669952_n-600x600.png 2x\" \/><\/a><\/div><\/div><div id=\"envira-gallery-item-51552\" class=\"envira-gallery-item enviratope-item envira-gallery-item-4\" style=\"padding-left: 5px; padding-bottom: 10px; padding-right: 5px;\"  itemscope itemtype=\"https:\/\/schema.org\/ImageObject\"><div class=\"envira-gallery-item-inner\"><div class=\"envira-gallery-position-overlay  envira-gallery-top-left\"><\/div><div class=\"envira-gallery-position-overlay  envira-gallery-top-right\"><\/div><div class=\"envira-gallery-position-overlay  envira-gallery-bottom-left\"><\/div><div class=\"envira-gallery-position-overlay  envira-gallery-bottom-right\"><\/div><a href=\"https:\/\/www.owc.lu\/wp-content\/uploads\/2024\/07\/Tara-Chardonnay.jpg\" class=\"envira-gallery-50439 envira-gallery-link\" rel=\"enviragallery50439\" title=\"Tara Chardonnay\" data-envira-caption=\"Tara Chardonnay\" data-envira-retina=\"\" data-thumbnail=\"\"  itemprop=\"contentUrl\"><img decoding=\"async\" id=\"envira-gallery-image-51552\" class=\"envira-gallery-image envira-gallery-image-4\" data-envira-index=\"4\" src=\"https:\/\/www.owc.lu\/wp-content\/uploads\/2024\/07\/Tara-Chardonnay-240x300.jpg\" data-envira-src=\"https:\/\/www.owc.lu\/wp-content\/uploads\/2024\/07\/Tara-Chardonnay-240x300.jpg\" data-envira-gallery-id=\"50439\" data-envira-item-id=\"51552\" data-envira-caption=\"Tara Chardonnay\" alt=\"\" title=\"Tara Chardonnay\"  itemprop=\"thumbnailUrl\" data-envira-srcset=\"https:\/\/www.owc.lu\/wp-content\/uploads\/2024\/07\/Tara-Chardonnay-240x300.jpg 400w,https:\/\/www.owc.lu\/wp-content\/uploads\/2024\/07\/Tara-Chardonnay-240x300.jpg 2x\" srcset=\"https:\/\/www.owc.lu\/wp-content\/uploads\/2024\/07\/Tara-Chardonnay-600x600.jpg 2x\" \/><\/a><\/div><\/div><\/div><\/div><noscript><img decoding=\"async\" src=\"https:\/\/www.owc.lu\/wp-content\/uploads\/2024\/05\/17-1-27336228_1769878949749143_520400540999527407_n.png\" alt=\"\" \/><img decoding=\"async\" src=\"https:\/\/www.owc.lu\/wp-content\/uploads\/2024\/05\/17-3-Tara_wines.jpg\" alt=\"\" \/><img decoding=\"async\" src=\"https:\/\/www.owc.lu\/wp-content\/uploads\/2024\/05\/17-2-33384176_1927257320677971_7940047143228669952_n.png\" alt=\"\" \/><img decoding=\"async\" src=\"https:\/\/www.owc.lu\/wp-content\/uploads\/2024\/07\/Tara-Chardonnay.jpg\" alt=\"\" \/><\/noscript>\n<\/div>\n<\/div>\n<\/div><\/div><\/div><\/div><\/div>\n","protected":false},"excerpt":{"rendered":"","protected":false},"author":1,"featured_media":0,"parent":0,"menu_order":0,"comment_status":"closed","ping_status":"closed","template":"","meta":{"inline_featured_image":false,"footnotes":""},"class_list":["post-48215","page","type-page","status-publish","hentry"],"_links":{"self":[{"href":"https:\/\/www.owc.lu\/en\/wp-json\/wp\/v2\/pages\/48215","targetHints":{"allow":["GET"]}}],"collection":[{"href":"https:\/\/www.owc.lu\/en\/wp-json\/wp\/v2\/pages"}],"about":[{"href":"https:\/\/www.owc.lu\/en\/wp-json\/wp\/v2\/types\/page"}],"author":[{"embeddable":true,"href":"https:\/\/www.owc.lu\/en\/wp-json\/wp\/v2\/users\/1"}],"replies":[{"embeddable":true,"href":"https:\/\/www.owc.lu\/en\/wp-json\/wp\/v2\/comments?post=48215"}],"version-history":[{"count":4,"href":"https:\/\/www.owc.lu\/en\/wp-json\/wp\/v2\/pages\/48215\/revisions"}],"predecessor-version":[{"id":50442,"href":"https:\/\/www.owc.lu\/en\/wp-json\/wp\/v2\/pages\/48215\/revisions\/50442"}],"wp:attachment":[{"href":"https:\/\/www.owc.lu\/en\/wp-json\/wp\/v2\/media?parent=48215"}],"curies":[{"name":"wp","href":"https:\/\/api.w.org\/{rel}","templated":true}]}}