{"id":48209,"date":"2024-05-30T22:19:58","date_gmt":"2024-05-30T20:19:58","guid":{"rendered":"https:\/\/www.owc.lu\/domaine-de-la-soumade-rasteau\/"},"modified":"2024-07-02T20:56:15","modified_gmt":"2024-07-02T18:56:15","slug":"domaine-de-la-soumade-rasteau","status":"publish","type":"page","link":"https:\/\/www.owc.lu\/en\/domaine-de-la-soumade-rasteau\/","title":{"rendered":"Domaine de la Soumade \u2013 Rasteau"},"content":{"rendered":"\n<div class=\"wp-block-getwid-section alignfull alignfull getwid-section-content-custom-width\"><div class=\"wp-block-getwid-section__wrapper\"><div class=\"wp-block-getwid-section__inner-wrapper\" style=\"max-width:1410px\"><div class=\"wp-block-getwid-section__background-holder\"><div class=\"wp-block-getwid-section__background\"><\/div><div class=\"wp-block-getwid-section__foreground\"><\/div><\/div><div class=\"wp-block-getwid-section__content\"><div class=\"wp-block-getwid-section__inner-content\">\n<div class=\"wp-block-columns is-layout-flex wp-container-core-columns-is-layout-9d6595d7 wp-block-columns-is-layout-flex\">\n<div class=\"wp-block-column is-vertically-aligned-top is-layout-flow wp-block-column-is-layout-flow\">\n<div class=\"wp-block-getwid-section getwid-margin-top-none getwid-margin-bottom-none\"><div class=\"wp-block-getwid-section__wrapper getwid-padding-top-none getwid-padding-bottom-none getwid-padding-left-none getwid-padding-right-none getwid-margin-left-none getwid-margin-right-none getwid-align-items-flex-start getwid-justify-content-flex-start\"><div class=\"wp-block-getwid-section__inner-wrapper\"><div class=\"wp-block-getwid-section__background-holder\"><div class=\"wp-block-getwid-section__background\"><\/div><div class=\"wp-block-getwid-section__foreground\"><\/div><\/div><div class=\"wp-block-getwid-section__content\"><div class=\"wp-block-getwid-section__inner-content\">\n<h4 class=\"wp-block-heading\">RASTEAU \u2013 RHONE \u2013 FRANCE<\/h4>\n\n\n\n<p>Domaine La Soumade was founded by Andr\u00e9 Rom\u00e9ro in 1979.<\/p>\n\n\n\n<p>By 1990, this passionate winegrower had achieved his long-cherished ambition of selling his entire production in bottle. And in 1996, Andr\u00e9 was joined by his son Fr\u00e9d\u00e9ric, after he had obtained his BEPA Diploma in viticulture and oenology.<\/p>\n\n\n\n<p>A new modern winery was built in 2002, the same year that our partnership with our consultant, St\u00e9phane Derenoncourt, and his team began. St\u00e9phane encouraged the estate to adopt gentler and more finely-tuned vinification techniques, so as to better reflect the unique expression and potential of the terroir. Without doubt, the wines have achieved greater finesse and purity.<\/p>\n\n\n\n<p>As of today, the estate covers 26 hectares in the commune of Rasteau and one additional hectare in Gigondas \u2013 a small terraced vineyard near the Dentelles de Montmirail.<\/p>\n\n\n\n<p>The clay \u2013 limestone soils of Rasteau produce naturally powerful wines with great ageing potential.<\/p>\n\n\n\n<p>From the simple C\u00f4tes du Rh\u00f4ne to the Rasteau Fleur de Confiance, the entire range benefits from an impressive Q\/P ratio. In fact, all of the 2017 cuv\u00e9es have received scores of at least 90\/100 by Joe Czerwinski of the Wine Advocate.<\/p>\n\n\n\n<p>You will find all the information about the different cuv\u00e9es here :\u00a0<a href=\"https:\/\/www.domainelasoumade.fr\/\">Domaine de la Soumade<\/a><\/p>\n<\/div><\/div><\/div><\/div><\/div>\n<\/div>\n\n\n\n<div class=\"wp-block-column is-layout-flow wp-block-column-is-layout-flow\">\n<div id=\"envira-gallery-wrap-50405\" class=\"envira-gallery-wrap envira-gallery-theme-base envira-lightbox-theme-base\" itemscope itemtype=\"https:\/\/schema.org\/ImageGallery\"><div data-row-height=\"\" data-gallery-theme=\"\" id=\"envira-gallery-50405\" class=\"envira-gallery-public  envira-gallery-1-columns envira-clear enviratope envira-gallery-css-animations\" data-envira-columns=\"1\"><div id=\"envira-gallery-item-1065\" class=\"envira-gallery-item enviratope-item envira-gallery-item-1\" style=\"padding-left: 5px; padding-bottom: 10px; padding-right: 5px;\"  itemscope itemtype=\"https:\/\/schema.org\/ImageObject\"><div class=\"envira-gallery-item-inner\"><div class=\"envira-gallery-position-overlay  envira-gallery-top-left\"><\/div><div class=\"envira-gallery-position-overlay  envira-gallery-top-right\"><\/div><div class=\"envira-gallery-position-overlay  envira-gallery-bottom-left\"><\/div><div class=\"envira-gallery-position-overlay  envira-gallery-bottom-right\"><\/div><a href=\"https:\/\/www.owc.lu\/wp-content\/uploads\/2024\/05\/10-1facade127.jpg\" class=\"envira-gallery-50405 envira-gallery-link\" rel=\"enviragallery50405\" title=\"10-1facade127\" data-envira-caption=\"10-1facade127\" data-envira-retina=\"\" data-thumbnail=\"\"  itemprop=\"contentUrl\"><img decoding=\"async\" id=\"envira-gallery-image-1065\" class=\"envira-gallery-image envira-gallery-image-1\" data-envira-index=\"1\" src=\"https:\/\/www.owc.lu\/wp-content\/uploads\/2024\/05\/10-1facade127-300x162.jpg\" data-envira-src=\"https:\/\/www.owc.lu\/wp-content\/uploads\/2024\/05\/10-1facade127-300x162.jpg\" data-envira-gallery-id=\"50405\" data-envira-item-id=\"1065\" data-envira-caption=\"10-1facade127\" alt=\"\" title=\"10-1facade127\"  itemprop=\"thumbnailUrl\" data-envira-srcset=\"https:\/\/www.owc.lu\/wp-content\/uploads\/2024\/05\/10-1facade127-300x162.jpg 400w,https:\/\/www.owc.lu\/wp-content\/uploads\/2024\/05\/10-1facade127-300x162.jpg 2x\" srcset=\"https:\/\/www.owc.lu\/wp-content\/uploads\/2024\/05\/10-1facade127-600x600.jpg 2x\" \/><\/a><\/div><\/div><div id=\"envira-gallery-item-1067\" class=\"envira-gallery-item enviratope-item envira-gallery-item-2\" style=\"padding-left: 5px; padding-bottom: 10px; padding-right: 5px;\"  itemscope itemtype=\"https:\/\/schema.org\/ImageObject\"><div class=\"envira-gallery-item-inner\"><div class=\"envira-gallery-position-overlay  envira-gallery-top-left\"><\/div><div class=\"envira-gallery-position-overlay  envira-gallery-top-right\"><\/div><div class=\"envira-gallery-position-overlay  envira-gallery-bottom-left\"><\/div><div class=\"envira-gallery-position-overlay  envira-gallery-bottom-right\"><\/div><a href=\"https:\/\/www.owc.lu\/wp-content\/uploads\/2024\/05\/10-2vignes83.jpg\" class=\"envira-gallery-50405 envira-gallery-link\" rel=\"enviragallery50405\" title=\"10-2vignes83\" data-envira-caption=\"10-2vignes83\" data-envira-retina=\"\" data-thumbnail=\"\"  itemprop=\"contentUrl\"><img decoding=\"async\" id=\"envira-gallery-image-1067\" class=\"envira-gallery-image envira-gallery-image-2\" data-envira-index=\"2\" src=\"https:\/\/www.owc.lu\/wp-content\/uploads\/2024\/05\/10-2vignes83-300x201.jpg\" data-envira-src=\"https:\/\/www.owc.lu\/wp-content\/uploads\/2024\/05\/10-2vignes83-300x201.jpg\" data-envira-gallery-id=\"50405\" data-envira-item-id=\"1067\" data-envira-caption=\"10-2vignes83\" alt=\"\" title=\"10-2vignes83\"  itemprop=\"thumbnailUrl\" data-envira-srcset=\"https:\/\/www.owc.lu\/wp-content\/uploads\/2024\/05\/10-2vignes83-300x201.jpg 400w,https:\/\/www.owc.lu\/wp-content\/uploads\/2024\/05\/10-2vignes83-300x201.jpg 2x\" srcset=\"https:\/\/www.owc.lu\/wp-content\/uploads\/2024\/05\/10-2vignes83-600x600.jpg 2x\" \/><\/a><\/div><\/div><\/div><\/div><noscript><img decoding=\"async\" src=\"https:\/\/www.owc.lu\/wp-content\/uploads\/2024\/05\/10-1facade127.jpg\" alt=\"\" \/><img decoding=\"async\" src=\"https:\/\/www.owc.lu\/wp-content\/uploads\/2024\/05\/10-2vignes83.jpg\" alt=\"\" \/><\/noscript>\n<\/div>\n<\/div>\n<\/div><\/div><\/div><\/div><\/div>\n","protected":false},"excerpt":{"rendered":"","protected":false},"author":1,"featured_media":0,"parent":0,"menu_order":0,"comment_status":"closed","ping_status":"closed","template":"","meta":{"inline_featured_image":false,"footnotes":""},"class_list":["post-48209","page","type-page","status-publish","hentry"],"_links":{"self":[{"href":"https:\/\/www.owc.lu\/en\/wp-json\/wp\/v2\/pages\/48209","targetHints":{"allow":["GET"]}}],"collection":[{"href":"https:\/\/www.owc.lu\/en\/wp-json\/wp\/v2\/pages"}],"about":[{"href":"https:\/\/www.owc.lu\/en\/wp-json\/wp\/v2\/types\/page"}],"author":[{"embeddable":true,"href":"https:\/\/www.owc.lu\/en\/wp-json\/wp\/v2\/users\/1"}],"replies":[{"embeddable":true,"href":"https:\/\/www.owc.lu\/en\/wp-json\/wp\/v2\/comments?post=48209"}],"version-history":[{"count":4,"href":"https:\/\/www.owc.lu\/en\/wp-json\/wp\/v2\/pages\/48209\/revisions"}],"predecessor-version":[{"id":50409,"href":"https:\/\/www.owc.lu\/en\/wp-json\/wp\/v2\/pages\/48209\/revisions\/50409"}],"wp:attachment":[{"href":"https:\/\/www.owc.lu\/en\/wp-json\/wp\/v2\/media?parent=48209"}],"curies":[{"name":"wp","href":"https:\/\/api.w.org\/{rel}","templated":true}]}}