{"id":48206,"date":"2024-05-30T22:08:26","date_gmt":"2024-05-30T20:08:26","guid":{"rendered":"https:\/\/www.owc.lu\/domaine-garon-cote-rotie\/"},"modified":"2024-07-02T20:43:17","modified_gmt":"2024-07-02T18:43:17","slug":"domaine-garon-cote-rotie","status":"publish","type":"page","link":"https:\/\/www.owc.lu\/en\/domaine-garon-cote-rotie\/","title":{"rendered":"Domaine Garon \u2013 C\u00f4te Rotie"},"content":{"rendered":"\n<div class=\"wp-block-getwid-section alignfull alignfull getwid-section-content-custom-width\"><div class=\"wp-block-getwid-section__wrapper\"><div class=\"wp-block-getwid-section__inner-wrapper\" style=\"max-width:1410px\"><div class=\"wp-block-getwid-section__background-holder\"><div class=\"wp-block-getwid-section__background\"><\/div><div class=\"wp-block-getwid-section__foreground\"><\/div><\/div><div class=\"wp-block-getwid-section__content\"><div class=\"wp-block-getwid-section__inner-content\">\n<div class=\"wp-block-columns is-layout-flex wp-container-core-columns-is-layout-9d6595d7 wp-block-columns-is-layout-flex\">\n<div class=\"wp-block-column is-vertically-aligned-top is-layout-flow wp-block-column-is-layout-flow\">\n<div class=\"wp-block-getwid-section getwid-margin-top-none getwid-margin-bottom-none\"><div class=\"wp-block-getwid-section__wrapper getwid-padding-top-none getwid-padding-bottom-none getwid-padding-left-none getwid-padding-right-none getwid-margin-left-none getwid-margin-right-none getwid-align-items-flex-start getwid-justify-content-flex-start\"><div class=\"wp-block-getwid-section__inner-wrapper\"><div class=\"wp-block-getwid-section__background-holder\"><div class=\"wp-block-getwid-section__background\"><\/div><div class=\"wp-block-getwid-section__foreground\"><\/div><\/div><div class=\"wp-block-getwid-section__content\"><div class=\"wp-block-getwid-section__inner-content\">\n<h4 class=\"wp-block-heading\">FRANCE \u2013 C\u00d4TE ROTIE <\/h4>\n\n\n\n<p>\u201cOur wish is to offer wines that best reflect our terroirs, our history, our region unlike any other. Respect for the delicacy of the fruit, finesse and balance for our Syrahs. Accuracy, generosity and tradition for our white wines. Hoping to bring to each person who tastes a wine from our estate, an emotion, a memory, pleasure! \u201d<\/p>\n\n\n\n<p>This is the philosophy of Domaine Garon which, according to Jeb Dunnuck, is now one of the top names in the C\u00f4te-Rotie appellation as he declared in 2020: \u201cWhile quality was reliable in the 2000s, since 2010, everything appears to have been on a steady upward trajectory, with the 2015 being the finest wines I\u2019ve tasted from the estate, and magical wines produced in both 2017 and 2018. Lovers of pure, classical C\u00f4te R\u00f4tie need to get on this estate\u2019s bandwagon ASAP! \u201d<\/p>\n\n\n\n<p>The Domaine\u2019s faithful is convinced of this too!<\/p>\n\n\n\n<p>The range is not limited to the 4 cuv\u00e9es of C\u00f4te Rotie (Blonde or Brune area). Whether for the C\u00f4tes du Rh\u00f4ne, the Syrah IGP, the 2 cuv\u00e9es de Viognier or the 2 St Josephs (white and red), the same care is given to the entire range.<\/p>\n\n\n\n<p>At the same time, the estate is now fully committed to more sustainable agriculture that respects the environment. A new cellar and new cuv\u00e9es planned soon demonstrate the domain\u2019s ambition for the future.<\/p>\n\n\n\n<p>Following Jeb Dunnuck, a new laudatory article in the latest issue of&nbsp;<strong>Decanter<\/strong>&nbsp;(March 2023), the prestigious magazine dedicated to wine and distributed in more than 90 countries.<\/p>\n\n\n\n<p>Matt Walls (Decanter) :<\/p>\n\n\n\n<p>\u201cIt might be small and understated, but with quality increasing each year Matt Walls says it\u2019s only a matter of time before this domaine becomes a household name.\u201d<\/p>\n\n\n\n<p>\u201cThe quality across the board has been gradually increasing over the past few years, which is what prompted my visit. Their 2021s are surprisingly strong for such a challenging year. Though their style is their own, if forced to compare I\u2019d place them somewhere between Ogier, Barge and Jasmin.<\/p>\n\n\n\n<p>The wines, when tasted, speak first and foremost of their origins \u2013 not the hand that made them. The confident but understated approach means this domaine isn\u2019t yet as well-known as some of the starrier names of C\u00f4te-R\u00f4tie. But with quality like this, it\u2019s only a matter of time.\u201d<\/p>\n\n\n\n<p>Tasting notes :<\/p>\n\n\n\n<p><strong>C\u00f4te Rotie Lancement 2015 : 96\/100<\/strong><\/p>\n\n\n\n<p><strong>C\u00f4te Rotie Les Rochins 2020 : 96\/100<\/strong><\/p>\n\n\n\n<p><strong>C\u00f4te Rotie Les Rochains 2019 : 97\/100<\/strong><\/p>\n\n\n\n<p><strong>C\u00f4te Rotie Les Rochins 2016 : 96\/100<\/strong><\/p>\n\n\n\n<p><strong>C\u00f4te Rotie Les Rochins 2003 : 94\/100<\/strong><\/p>\n\n\n\n<p><strong>C\u00f4te Rotie Le Combard 2019 : 95\/100<\/strong><\/p>\n\n\n\n<p><strong>C\u00f4te Rotie Les Triotes 2020 : 94\/100<\/strong><\/p>\n\n\n\n<p><strong>C\u00f4te Rotie Les Triotes 2021 : 94\/100<\/strong><\/p>\n\n\n\n<p><strong>IGP Syrah Seyssuel Jardins de Rome 2020 : 93\/100<\/strong><\/p>\n\n\n\n<p><strong>Condrieu 2021 : 95\/100<\/strong><\/p>\n\n\n\n<p><strong>St Joseph Rouge 2021 : 92\/100<\/strong><\/p>\n\n\n\n<p><strong>C\u00f4tes du Rhone La Part des Vivants 2019 : 90\/100<\/strong><\/p>\n\n\n\n<p>You will find on this PDF file \u00a0<a href=\"\/wp-content\/uploads\/2024\/06\/Famille-Garon.pdf\" target=\"_blank\" rel=\"noreferrer noopener\">here<\/a>\u00a0and on the estate\u2019s website all the information concerning the vinification stages and the philosophy of Domaine Garon :<\/p>\n\n\n\n<p><a href=\"https:\/\/www.domainegaron.fr\/\">www.domainegaron.fr<\/a><\/p>\n<\/div><\/div><\/div><\/div><\/div>\n<\/div>\n\n\n\n<div class=\"wp-block-column is-layout-flow wp-block-column-is-layout-flow\">\n<div id=\"envira-gallery-wrap-50391\" class=\"envira-gallery-wrap envira-gallery-theme-base envira-lightbox-theme-base\" itemscope itemtype=\"https:\/\/schema.org\/ImageGallery\"><div data-row-height=\"\" data-gallery-theme=\"\" id=\"envira-gallery-50391\" class=\"envira-gallery-public  envira-gallery-1-columns envira-clear enviratope envira-gallery-css-animations\" data-envira-columns=\"1\"><div id=\"envira-gallery-item-1045\" class=\"envira-gallery-item enviratope-item envira-gallery-item-1\" style=\"padding-left: 5px; padding-bottom: 10px; padding-right: 5px;\"  itemscope itemtype=\"https:\/\/schema.org\/ImageObject\"><div class=\"envira-gallery-item-inner\"><div class=\"envira-gallery-position-overlay  envira-gallery-top-left\"><\/div><div class=\"envira-gallery-position-overlay  envira-gallery-top-right\"><\/div><div class=\"envira-gallery-position-overlay  envira-gallery-bottom-left\"><\/div><div class=\"envira-gallery-position-overlay  envira-gallery-bottom-right\"><\/div><a href=\"https:\/\/www.owc.lu\/wp-content\/uploads\/2024\/05\/7-1Garon-2.jpg\" class=\"envira-gallery-50391 envira-gallery-link\" rel=\"enviragallery50391\" title=\"7-1Garon-2\" data-envira-caption=\"7-1Garon-2\" data-envira-retina=\"\" data-thumbnail=\"\"  itemprop=\"contentUrl\"><img decoding=\"async\" id=\"envira-gallery-image-1045\" class=\"envira-gallery-image envira-gallery-image-1\" data-envira-index=\"1\" src=\"https:\/\/www.owc.lu\/wp-content\/uploads\/2024\/05\/7-1Garon-2-300x225.jpg\" data-envira-src=\"https:\/\/www.owc.lu\/wp-content\/uploads\/2024\/05\/7-1Garon-2-300x225.jpg\" data-envira-gallery-id=\"50391\" data-envira-item-id=\"1045\" data-envira-caption=\"7-1Garon-2\" alt=\"\" title=\"7-1Garon-2\"  itemprop=\"thumbnailUrl\" data-envira-srcset=\"https:\/\/www.owc.lu\/wp-content\/uploads\/2024\/05\/7-1Garon-2-300x225.jpg 400w,https:\/\/www.owc.lu\/wp-content\/uploads\/2024\/05\/7-1Garon-2-300x225.jpg 2x\" srcset=\"https:\/\/www.owc.lu\/wp-content\/uploads\/2024\/05\/7-1Garon-2-600x600.jpg 2x\" \/><\/a><\/div><\/div><div id=\"envira-gallery-item-1047\" class=\"envira-gallery-item enviratope-item envira-gallery-item-2\" style=\"padding-left: 5px; padding-bottom: 10px; padding-right: 5px;\"  itemscope itemtype=\"https:\/\/schema.org\/ImageObject\"><div class=\"envira-gallery-item-inner\"><div class=\"envira-gallery-position-overlay  envira-gallery-top-left\"><\/div><div class=\"envira-gallery-position-overlay  envira-gallery-top-right\"><\/div><div class=\"envira-gallery-position-overlay  envira-gallery-bottom-left\"><\/div><div class=\"envira-gallery-position-overlay  envira-gallery-bottom-right\"><\/div><a href=\"https:\/\/www.owc.lu\/wp-content\/uploads\/2024\/05\/7-2cote-rotie-les-rochins.jpg\" class=\"envira-gallery-50391 envira-gallery-link\" rel=\"enviragallery50391\" title=\"7-2c&ocirc;te-r&ocirc;tie-les-rochins\" data-envira-caption=\"7-2c&ocirc;te-r&ocirc;tie-les-rochins\" data-envira-retina=\"\" data-thumbnail=\"\"  itemprop=\"contentUrl\"><img decoding=\"async\" id=\"envira-gallery-image-1047\" class=\"envira-gallery-image envira-gallery-image-2\" data-envira-index=\"2\" src=\"https:\/\/www.owc.lu\/wp-content\/uploads\/2024\/05\/7-2cote-rotie-les-rochins.jpg\" data-envira-src=\"https:\/\/www.owc.lu\/wp-content\/uploads\/2024\/05\/7-2cote-rotie-les-rochins.jpg\" data-envira-gallery-id=\"50391\" data-envira-item-id=\"1047\" data-envira-caption=\"7-2c&ocirc;te-r&ocirc;tie-les-rochins\" alt=\"\" title=\"7-2c&amp;ocirc;te-r&amp;ocirc;tie-les-rochins\"  itemprop=\"thumbnailUrl\" data-envira-srcset=\"https:\/\/www.owc.lu\/wp-content\/uploads\/2024\/05\/7-2cote-rotie-les-rochins.jpg 400w,https:\/\/www.owc.lu\/wp-content\/uploads\/2024\/05\/7-2cote-rotie-les-rochins.jpg 2x\" srcset=\"https:\/\/www.owc.lu\/wp-content\/uploads\/2024\/05\/7-2cote-rotie-les-rochins-600x600.jpg 2x\" \/><\/a><\/div><\/div><div id=\"envira-gallery-item-1049\" class=\"envira-gallery-item enviratope-item envira-gallery-item-3\" style=\"padding-left: 5px; padding-bottom: 10px; padding-right: 5px;\"  itemscope itemtype=\"https:\/\/schema.org\/ImageObject\"><div class=\"envira-gallery-item-inner\"><div class=\"envira-gallery-position-overlay  envira-gallery-top-left\"><\/div><div class=\"envira-gallery-position-overlay  envira-gallery-top-right\"><\/div><div class=\"envira-gallery-position-overlay  envira-gallery-bottom-left\"><\/div><div class=\"envira-gallery-position-overlay  envira-gallery-bottom-right\"><\/div><a href=\"https:\/\/www.owc.lu\/wp-content\/uploads\/2024\/05\/7-3Garon-3.jpg\" class=\"envira-gallery-50391 envira-gallery-link\" rel=\"enviragallery50391\" title=\"7-3Garon-3\" data-envira-caption=\"7-3Garon-3\" data-envira-retina=\"\" data-thumbnail=\"\"  itemprop=\"contentUrl\"><img decoding=\"async\" id=\"envira-gallery-image-1049\" class=\"envira-gallery-image envira-gallery-image-3\" data-envira-index=\"3\" src=\"https:\/\/www.owc.lu\/wp-content\/uploads\/2024\/05\/7-3Garon-3-300x225.jpg\" data-envira-src=\"https:\/\/www.owc.lu\/wp-content\/uploads\/2024\/05\/7-3Garon-3-300x225.jpg\" data-envira-gallery-id=\"50391\" data-envira-item-id=\"1049\" data-envira-caption=\"7-3Garon-3\" alt=\"\" title=\"7-3Garon-3\"  itemprop=\"thumbnailUrl\" data-envira-srcset=\"https:\/\/www.owc.lu\/wp-content\/uploads\/2024\/05\/7-3Garon-3-300x225.jpg 400w,https:\/\/www.owc.lu\/wp-content\/uploads\/2024\/05\/7-3Garon-3-300x225.jpg 2x\" srcset=\"https:\/\/www.owc.lu\/wp-content\/uploads\/2024\/05\/7-3Garon-3-600x600.jpg 2x\" \/><\/a><\/div><\/div><div id=\"envira-gallery-item-1051\" class=\"envira-gallery-item enviratope-item envira-gallery-item-4\" style=\"padding-left: 5px; padding-bottom: 10px; padding-right: 5px;\"  itemscope itemtype=\"https:\/\/schema.org\/ImageObject\"><div class=\"envira-gallery-item-inner\"><div class=\"envira-gallery-position-overlay  envira-gallery-top-left\"><\/div><div class=\"envira-gallery-position-overlay  envira-gallery-top-right\"><\/div><div class=\"envira-gallery-position-overlay  envira-gallery-bottom-left\"><\/div><div class=\"envira-gallery-position-overlay  envira-gallery-bottom-right\"><\/div><a href=\"https:\/\/www.owc.lu\/wp-content\/uploads\/2024\/05\/7-4Garon-cote-rotie.png\" class=\"envira-gallery-50391 envira-gallery-link\" rel=\"enviragallery50391\" title=\"7-4Garon-cote-rotie\" data-envira-caption=\"7-4Garon-cote-rotie\" data-envira-retina=\"\" data-thumbnail=\"\"  itemprop=\"contentUrl\"><img decoding=\"async\" id=\"envira-gallery-image-1051\" class=\"envira-gallery-image envira-gallery-image-4\" data-envira-index=\"4\" src=\"https:\/\/www.owc.lu\/wp-content\/uploads\/2024\/05\/7-4Garon-cote-rotie-187x300.png\" data-envira-src=\"https:\/\/www.owc.lu\/wp-content\/uploads\/2024\/05\/7-4Garon-cote-rotie-187x300.png\" data-envira-gallery-id=\"50391\" data-envira-item-id=\"1051\" data-envira-caption=\"7-4Garon-cote-rotie\" alt=\"\" title=\"7-4Garon-cote-rotie\"  itemprop=\"thumbnailUrl\" data-envira-srcset=\"https:\/\/www.owc.lu\/wp-content\/uploads\/2024\/05\/7-4Garon-cote-rotie-187x300.png 400w,https:\/\/www.owc.lu\/wp-content\/uploads\/2024\/05\/7-4Garon-cote-rotie-187x300.png 2x\" srcset=\"https:\/\/www.owc.lu\/wp-content\/uploads\/2024\/05\/7-4Garon-cote-rotie-600x600.png 2x\" \/><\/a><\/div><\/div><div id=\"envira-gallery-item-1053\" class=\"envira-gallery-item enviratope-item envira-gallery-item-5\" style=\"padding-left: 5px; padding-bottom: 10px; padding-right: 5px;\"  itemscope itemtype=\"https:\/\/schema.org\/ImageObject\"><div class=\"envira-gallery-item-inner\"><div class=\"envira-gallery-position-overlay  envira-gallery-top-left\"><\/div><div class=\"envira-gallery-position-overlay  envira-gallery-top-right\"><\/div><div class=\"envira-gallery-position-overlay  envira-gallery-bottom-left\"><\/div><div class=\"envira-gallery-position-overlay  envira-gallery-bottom-right\"><\/div><a href=\"https:\/\/www.owc.lu\/wp-content\/uploads\/2024\/05\/7-5Famille-Garon.jpg\" class=\"envira-gallery-50391 envira-gallery-link\" rel=\"enviragallery50391\" title=\"7-5Famille-Garon\" data-envira-caption=\"7-5Famille-Garon\" data-envira-retina=\"\" data-thumbnail=\"\"  itemprop=\"contentUrl\"><img decoding=\"async\" id=\"envira-gallery-image-1053\" class=\"envira-gallery-image envira-gallery-image-5\" data-envira-index=\"5\" src=\"https:\/\/www.owc.lu\/wp-content\/uploads\/2024\/05\/7-5Famille-Garon-300x246.jpg\" data-envira-src=\"https:\/\/www.owc.lu\/wp-content\/uploads\/2024\/05\/7-5Famille-Garon-300x246.jpg\" data-envira-gallery-id=\"50391\" data-envira-item-id=\"1053\" data-envira-caption=\"7-5Famille-Garon\" alt=\"\" title=\"7-5Famille-Garon\"  itemprop=\"thumbnailUrl\" data-envira-srcset=\"https:\/\/www.owc.lu\/wp-content\/uploads\/2024\/05\/7-5Famille-Garon-300x246.jpg 400w,https:\/\/www.owc.lu\/wp-content\/uploads\/2024\/05\/7-5Famille-Garon-300x246.jpg 2x\" srcset=\"https:\/\/www.owc.lu\/wp-content\/uploads\/2024\/05\/7-5Famille-Garon-600x600.jpg 2x\" \/><\/a><\/div><\/div><div id=\"envira-gallery-item-51532\" class=\"envira-gallery-item enviratope-item envira-gallery-item-6\" style=\"padding-left: 5px; padding-bottom: 10px; padding-right: 5px;\"  itemscope itemtype=\"https:\/\/schema.org\/ImageObject\"><div class=\"envira-gallery-item-inner\"><div class=\"envira-gallery-position-overlay  envira-gallery-top-left\"><\/div><div class=\"envira-gallery-position-overlay  envira-gallery-top-right\"><\/div><div class=\"envira-gallery-position-overlay  envira-gallery-bottom-left\"><\/div><div class=\"envira-gallery-position-overlay  envira-gallery-bottom-right\"><\/div><a href=\"https:\/\/www.owc.lu\/wp-content\/uploads\/2024\/07\/Garon-degustation-rotated.jpg\" class=\"envira-gallery-50391 envira-gallery-link\" rel=\"enviragallery50391\" title=\"Garon degustation\" data-envira-caption=\"Garon degustation\" data-envira-retina=\"\" data-thumbnail=\"\"  itemprop=\"contentUrl\"><img decoding=\"async\" id=\"envira-gallery-image-51532\" class=\"envira-gallery-image envira-gallery-image-6\" data-envira-index=\"6\" src=\"https:\/\/www.owc.lu\/wp-content\/uploads\/2024\/07\/Garon-degustation-225x300.jpg\" data-envira-src=\"https:\/\/www.owc.lu\/wp-content\/uploads\/2024\/07\/Garon-degustation-225x300.jpg\" data-envira-gallery-id=\"50391\" data-envira-item-id=\"51532\" data-envira-caption=\"Garon degustation\" alt=\"\" title=\"Garon degustation\"  itemprop=\"thumbnailUrl\" data-envira-srcset=\"https:\/\/www.owc.lu\/wp-content\/uploads\/2024\/07\/Garon-degustation-225x300.jpg 400w,https:\/\/www.owc.lu\/wp-content\/uploads\/2024\/07\/Garon-degustation-225x300.jpg 2x\" srcset=\"https:\/\/www.owc.lu\/wp-content\/uploads\/2024\/07\/Garon-degustation-rotated-600x600.jpg 2x\" \/><\/a><\/div><\/div><\/div><\/div><noscript><img decoding=\"async\" src=\"https:\/\/www.owc.lu\/wp-content\/uploads\/2024\/05\/7-1Garon-2.jpg\" alt=\"\" \/><img decoding=\"async\" src=\"https:\/\/www.owc.lu\/wp-content\/uploads\/2024\/05\/7-2cote-rotie-les-rochins.jpg\" alt=\"\" \/><img decoding=\"async\" src=\"https:\/\/www.owc.lu\/wp-content\/uploads\/2024\/05\/7-3Garon-3.jpg\" alt=\"\" \/><img decoding=\"async\" src=\"https:\/\/www.owc.lu\/wp-content\/uploads\/2024\/05\/7-4Garon-cote-rotie.png\" alt=\"\" \/><img decoding=\"async\" src=\"https:\/\/www.owc.lu\/wp-content\/uploads\/2024\/05\/7-5Famille-Garon.jpg\" alt=\"\" \/><img decoding=\"async\" src=\"https:\/\/www.owc.lu\/wp-content\/uploads\/2024\/07\/Garon-degustation-rotated.jpg\" alt=\"\" \/><\/noscript>\n<\/div>\n<\/div>\n<\/div><\/div><\/div><\/div><\/div>\n","protected":false},"excerpt":{"rendered":"","protected":false},"author":1,"featured_media":0,"parent":0,"menu_order":0,"comment_status":"closed","ping_status":"closed","template":"","meta":{"inline_featured_image":false,"footnotes":""},"class_list":["post-48206","page","type-page","status-publish","hentry"],"_links":{"self":[{"href":"https:\/\/www.owc.lu\/en\/wp-json\/wp\/v2\/pages\/48206","targetHints":{"allow":["GET"]}}],"collection":[{"href":"https:\/\/www.owc.lu\/en\/wp-json\/wp\/v2\/pages"}],"about":[{"href":"https:\/\/www.owc.lu\/en\/wp-json\/wp\/v2\/types\/page"}],"author":[{"embeddable":true,"href":"https:\/\/www.owc.lu\/en\/wp-json\/wp\/v2\/users\/1"}],"replies":[{"embeddable":true,"href":"https:\/\/www.owc.lu\/en\/wp-json\/wp\/v2\/comments?post=48206"}],"version-history":[{"count":5,"href":"https:\/\/www.owc.lu\/en\/wp-json\/wp\/v2\/pages\/48206\/revisions"}],"predecessor-version":[{"id":50396,"href":"https:\/\/www.owc.lu\/en\/wp-json\/wp\/v2\/pages\/48206\/revisions\/50396"}],"wp:attachment":[{"href":"https:\/\/www.owc.lu\/en\/wp-json\/wp\/v2\/media?parent=48206"}],"curies":[{"name":"wp","href":"https:\/\/api.w.org\/{rel}","templated":true}]}}