{"id":48188,"date":"2024-05-30T21:13:36","date_gmt":"2024-05-30T19:13:36","guid":{"rendered":"https:\/\/www.owc.lu\/chant-deole-wallonie-belgium\/"},"modified":"2024-07-31T07:56:24","modified_gmt":"2024-07-31T05:56:24","slug":"chant-deole-wallonie-belgique","status":"publish","type":"page","link":"https:\/\/www.owc.lu\/en\/chant-deole-wallonie-belgique\/","title":{"rendered":"Chant d\u2019Eole &#8211; Belgium"},"content":{"rendered":"\n<div class=\"wp-block-getwid-section alignfull alignfull getwid-section-content-custom-width\"><div class=\"wp-block-getwid-section__wrapper\"><div class=\"wp-block-getwid-section__inner-wrapper\" style=\"max-width:1410px\"><div class=\"wp-block-getwid-section__background-holder\"><div class=\"wp-block-getwid-section__background\"><\/div><div class=\"wp-block-getwid-section__foreground\"><\/div><\/div><div class=\"wp-block-getwid-section__content\"><div class=\"wp-block-getwid-section__inner-content\">\n<div class=\"wp-block-columns is-layout-flex wp-container-core-columns-is-layout-9d6595d7 wp-block-columns-is-layout-flex\">\n<div class=\"wp-block-column is-vertically-aligned-top is-layout-flow wp-block-column-is-layout-flow\">\n<div class=\"wp-block-getwid-section getwid-margin-top-none getwid-margin-bottom-none\"><div class=\"wp-block-getwid-section__wrapper getwid-padding-top-none getwid-padding-bottom-none getwid-padding-left-none getwid-padding-right-none getwid-margin-left-none getwid-margin-right-none getwid-align-items-flex-start getwid-justify-content-flex-start\"><div class=\"wp-block-getwid-section__inner-wrapper\"><div class=\"wp-block-getwid-section__background-holder\"><div class=\"wp-block-getwid-section__background\"><\/div><div class=\"wp-block-getwid-section__foreground\"><\/div><\/div><div class=\"wp-block-getwid-section__content\"><div class=\"wp-block-getwid-section__inner-content\">\n<p>The&nbsp;<strong>Chant d\u2019\u00c9ole<\/strong>&nbsp;estate was created in 2010 following an association between a family of renowned Champagne winegrowers and a large family of Belgian farmers, the Ewbank family.<br>More than 470,000 vines of traditional grape varieties \u2013 Chardonnay (97%), Pinot noir (2%) and Pinot blanc (1%) \u2013 were planted on an area of 52 ha located in Qu\u00e9vy (south of Mons) in Wallonia. Facing south and mainly limestone, the land has ideal drainage and irrigation qualities for the production of traditional method sparkling wines. It is this soil which gives minerality and fine bubbles to the different vintages.<br>Domaine du Chant d\u2019Eole entered the quality sparkling wine market in October 2015 using the traditional method.<br>Le Chant d\u2019Eole currently has a production capacity of&nbsp;<strong>150,000 bottles<\/strong>&nbsp;per year.<\/p>\n\n\n\n<p>3 cuv\u00e9es are currently offered:&nbsp;<strong>Brut blanc de Blancs, Ros\u00e9 Brut, Cuv\u00e9e Reserve\/Prestige<\/strong><\/p>\n\n\n\n<p>The&nbsp;<strong>Brut Blanc de Blancs<\/strong>&nbsp;asserts the finesse, freshness, elegance and roundness of Chardonnay, the Domaine\u2019s signature grape variety, after at least 18 months of aging on slats. The low dosage (8 g\/L) of this wine and its aging after disgorging (3 months) give it a very good balance. You can enjoy this Blanc de Blancs now, or choose to let it age for up to 5 years in the cellar. To highlight its unique style, its bouquet, its aromas, it is recommended to serve this wine at around 8\u00b0C<\/p>\n\n\n\n<p><strong>Ros\u00e9 Brut<\/strong>&nbsp;is a blend of Chardonnay and Pinot Noir vinified in red after at least 18 months of aging in the cellar. The Chardonnay brings finesse and liveliness while the Pinot Noir brings its fruity aromas, its beautiful pale pink-orange color in a harmonious complexity. The moderate dosage of this wine (9 g\/L), its low sulfur content and the return to the cellar for additional aging time after disgorging give it a maturity where Chardonnay and Pinot Noir can develop all their authenticity. Delicate and refined !<br>You can enjoy it now or choose to let it age for up to 5 years in the cellar. To showcase it in optimal conditions, it is recommended to serve this wine at around 8\u00b0C.<\/p>\n\n\n\n<p><strong>The Cuv\u00e9e Prestige\/R\u00e9serve<\/strong>&nbsp;is made from Chardonnay only via an exclusive blend of the best juices. After at least 48 months of aging in the cellar, the Prestige vintage takes on a gold color with an inimitable straw reflection. Its train of bubbles is fine and delicate. Its second fermentation in the bottle gives it more roundness and more character. Its vinosity and a surprisingly fresh finish are particularly appreciated by the most enlightened enthusiasts. Dosage 8g\/L. Drink straight out of the bottle or within 5 years.<\/p>\n\n\n\n<p>A new vintage aged in Walloon oak barrels will be released shortly to compete with the most prestigious vintages of Champagne. To be continued\u2026<\/p>\n\n\n\n<p>In the meantime, the domain has been drowning in awards since the beginning of its activity!<\/p>\n\n\n\n<p>During the&nbsp;<strong>Concours Mondial de Bruxelles<\/strong>, organized in 2019 in Switzerland and internationally renowned, Chant d\u2019Eole was rewarded with: 2 gold medals, the largest gold medal, and as a bonus the international revelation for the Cuv\u00e9e Prestige 2014 Brut Blanc de Blancs. And this among 700 sparkling wines including 200 champagne.<\/p>\n\n\n\n<p>To recently be crowned&nbsp;<strong>Best Belgian Wine<\/strong>&nbsp;(Cuv\u00e9e Prestige 2018) among 233 wines from 63 Belgian estates in November 2023.<\/p>\n\n\n\n<p>More information on Chant d\u2019Eole &nbsp;<a href=\"https:\/\/www.chantdeole.be\/\">here<\/a><\/p>\n\n\n\n<p>All the Chant d\u2019Eole cuv\u00e9es on sale &nbsp;<a href=\"\/en\/shop\/?filter_producteur=chant-deole\">here<\/a><\/p>\n<\/div><\/div><\/div><\/div><\/div>\n<\/div>\n\n\n\n<div class=\"wp-block-column is-layout-flow wp-block-column-is-layout-flow\">\n<div id=\"envira-gallery-wrap-51504\" class=\"envira-gallery-wrap envira-gallery-theme-base envira-lightbox-theme-base\" itemscope itemtype=\"https:\/\/schema.org\/ImageGallery\"><div data-row-height=\"\" data-gallery-theme=\"\" id=\"envira-gallery-51504\" class=\"envira-gallery-public  envira-gallery-1-columns envira-clear enviratope envira-gallery-css-animations\" data-envira-columns=\"1\"><div id=\"envira-gallery-item-50338\" class=\"envira-gallery-item enviratope-item envira-gallery-item-1 envira-lazy-load\" style=\"padding-left: 5px; padding-bottom: 10px; padding-right: 5px;\"  itemscope itemtype=\"https:\/\/schema.org\/ImageObject\"><div class=\"envira-gallery-item-inner\"><div class=\"envira-gallery-position-overlay  envira-gallery-top-left\"><\/div><div class=\"envira-gallery-position-overlay  envira-gallery-top-right\"><\/div><div class=\"envira-gallery-position-overlay  envira-gallery-bottom-left\"><\/div><div class=\"envira-gallery-position-overlay  envira-gallery-bottom-right\"><\/div><a href=\"https:\/\/www.owc.lu\/wp-content\/uploads\/2024\/07\/1-1EOLE-D-STRESS-1.jpg\" class=\"envira-gallery-51504 envira-gallery-link\" rel=\"enviragallery51504\" title=\"1-1EOLE-D-STRESS (1)\" data-envira-caption=\"1-1EOLE-D-STRESS (1)\" data-envira-retina=\"\" data-thumbnail=\"\"  itemprop=\"contentUrl\"><div class=\"envira-lazy\" data-test-width=\"640\" data-test-height=\"480\" style=\"padding-bottom:75%;\"><img decoding=\"async\" id=\"envira-gallery-image-50338\" class=\"envira-gallery-image envira-gallery-image-1\" data-envira-index=\"1\" src=\"https:\/\/www.owc.lu\/wp-content\/uploads\/2024\/07\/1-1EOLE-D-STRESS-1-300x200.jpg\" data-envira-src=\"https:\/\/www.owc.lu\/wp-content\/uploads\/2024\/07\/1-1EOLE-D-STRESS-1-300x200.jpg\" data-envira-gallery-id=\"51504\" data-envira-item-id=\"50338\" data-envira-caption=\"1-1EOLE-D-STRESS (1)\" alt=\"\" title=\"1-1EOLE-D-STRESS (1)\"  itemprop=\"thumbnailUrl\" data-envira-srcset=\"https:\/\/www.owc.lu\/wp-content\/uploads\/2024\/07\/1-1EOLE-D-STRESS-1-300x200.jpg 400w,https:\/\/www.owc.lu\/wp-content\/uploads\/2024\/07\/1-1EOLE-D-STRESS-1-300x200.jpg 2x\" srcset=\"data:image\/gif;base64,R0lGODlhAQABAIAAAP\/\/\/\/\/\/\/yH5BAEKAAEALAAAAAABAAEAAAICTAEAOw==\" \/><\/div><\/a><\/div><\/div><div id=\"envira-gallery-item-50340\" class=\"envira-gallery-item enviratope-item envira-gallery-item-2 envira-lazy-load\" style=\"padding-left: 5px; padding-bottom: 10px; padding-right: 5px;\"  itemscope itemtype=\"https:\/\/schema.org\/ImageObject\"><div class=\"envira-gallery-item-inner\"><div class=\"envira-gallery-position-overlay  envira-gallery-top-left\"><\/div><div class=\"envira-gallery-position-overlay  envira-gallery-top-right\"><\/div><div class=\"envira-gallery-position-overlay  envira-gallery-bottom-left\"><\/div><div class=\"envira-gallery-position-overlay  envira-gallery-bottom-right\"><\/div><a href=\"https:\/\/www.owc.lu\/wp-content\/uploads\/2024\/07\/1-2-58_w_4-1.jpg\" class=\"envira-gallery-51504 envira-gallery-link\" rel=\"enviragallery51504\" title=\"Cr&eacute;dit photo info@scaart.be\" data-envira-caption=\"Cr&eacute;dit photo info@scaart.be\" data-envira-retina=\"\" data-thumbnail=\"\"  itemprop=\"contentUrl\"><div class=\"envira-lazy\" data-test-width=\"640\" data-test-height=\"480\" style=\"padding-bottom:75%;\"><img decoding=\"async\" id=\"envira-gallery-image-50340\" class=\"envira-gallery-image envira-gallery-image-2\" data-envira-index=\"2\" src=\"https:\/\/www.owc.lu\/wp-content\/uploads\/2024\/07\/1-2-58_w_4-1-300x200.jpg\" data-envira-src=\"https:\/\/www.owc.lu\/wp-content\/uploads\/2024\/07\/1-2-58_w_4-1-300x200.jpg\" data-envira-gallery-id=\"51504\" data-envira-item-id=\"50340\" data-envira-caption=\"Cr&eacute;dit photo info@scaart.be\" alt=\"\" title=\"Cr&amp;eacute;dit photo info@scaart.be\"  itemprop=\"thumbnailUrl\" data-envira-srcset=\"https:\/\/www.owc.lu\/wp-content\/uploads\/2024\/07\/1-2-58_w_4-1-300x200.jpg 400w,https:\/\/www.owc.lu\/wp-content\/uploads\/2024\/07\/1-2-58_w_4-1-300x200.jpg 2x\" srcset=\"data:image\/gif;base64,R0lGODlhAQABAIAAAP\/\/\/\/\/\/\/yH5BAEKAAEALAAAAAABAAEAAAICTAEAOw==\" \/><\/div><\/a><\/div><\/div><div id=\"envira-gallery-item-50342\" class=\"envira-gallery-item enviratope-item envira-gallery-item-3 envira-lazy-load\" style=\"padding-left: 5px; padding-bottom: 10px; padding-right: 5px;\"  itemscope itemtype=\"https:\/\/schema.org\/ImageObject\"><div class=\"envira-gallery-item-inner\"><div class=\"envira-gallery-position-overlay  envira-gallery-top-left\"><\/div><div class=\"envira-gallery-position-overlay  envira-gallery-top-right\"><\/div><div class=\"envira-gallery-position-overlay  envira-gallery-bottom-left\"><\/div><div class=\"envira-gallery-position-overlay  envira-gallery-bottom-right\"><\/div><a href=\"https:\/\/www.owc.lu\/wp-content\/uploads\/2024\/07\/1-3-156241-chanteole-1.jpg\" class=\"envira-gallery-51504 envira-gallery-link\" rel=\"enviragallery51504\" title=\"xr:d:DAEgtHVyVpY:2123,j:28837928748,t:22061708\" data-envira-caption=\"xr:d:DAEgtHVyVpY:2123,j:28837928748,t:22061708\" data-envira-retina=\"\" data-thumbnail=\"\"  itemprop=\"contentUrl\"><div class=\"envira-lazy\" data-test-width=\"640\" data-test-height=\"480\" style=\"padding-bottom:75%;\"><img decoding=\"async\" id=\"envira-gallery-image-50342\" class=\"envira-gallery-image envira-gallery-image-3\" data-envira-index=\"3\" src=\"https:\/\/www.owc.lu\/wp-content\/uploads\/2024\/07\/1-3-156241-chanteole-1-300x158.jpg\" data-envira-src=\"https:\/\/www.owc.lu\/wp-content\/uploads\/2024\/07\/1-3-156241-chanteole-1-300x158.jpg\" data-envira-gallery-id=\"51504\" data-envira-item-id=\"50342\" data-envira-caption=\"xr:d:DAEgtHVyVpY:2123,j:28837928748,t:22061708\" alt=\"\" title=\"xr:d:DAEgtHVyVpY:2123,j:28837928748,t:22061708\"  itemprop=\"thumbnailUrl\" data-envira-srcset=\"https:\/\/www.owc.lu\/wp-content\/uploads\/2024\/07\/1-3-156241-chanteole-1-300x158.jpg 400w,https:\/\/www.owc.lu\/wp-content\/uploads\/2024\/07\/1-3-156241-chanteole-1-300x158.jpg 2x\" srcset=\"data:image\/gif;base64,R0lGODlhAQABAIAAAP\/\/\/\/\/\/\/yH5BAEKAAEALAAAAAABAAEAAAICTAEAOw==\" \/><\/div><\/a><\/div><\/div><div id=\"envira-gallery-item-50344\" class=\"envira-gallery-item enviratope-item envira-gallery-item-4 envira-lazy-load\" style=\"padding-left: 5px; padding-bottom: 10px; padding-right: 5px;\"  itemscope itemtype=\"https:\/\/schema.org\/ImageObject\"><div class=\"envira-gallery-item-inner\"><div class=\"envira-gallery-position-overlay  envira-gallery-top-left\"><\/div><div class=\"envira-gallery-position-overlay  envira-gallery-top-right\"><\/div><div class=\"envira-gallery-position-overlay  envira-gallery-bottom-left\"><\/div><div class=\"envira-gallery-position-overlay  envira-gallery-bottom-right\"><\/div><a href=\"https:\/\/www.owc.lu\/wp-content\/uploads\/2024\/07\/1-4eole-gamme-1.jpg\" class=\"envira-gallery-51504 envira-gallery-link\" rel=\"enviragallery51504\" title=\"1-4eole-gamme (1)\" data-envira-caption=\"1-4eole-gamme (1)\" data-envira-retina=\"\" data-thumbnail=\"\"  itemprop=\"contentUrl\"><div class=\"envira-lazy\" data-test-width=\"640\" data-test-height=\"480\" style=\"padding-bottom:75%;\"><img decoding=\"async\" id=\"envira-gallery-image-50344\" class=\"envira-gallery-image envira-gallery-image-4\" data-envira-index=\"4\" src=\"https:\/\/www.owc.lu\/wp-content\/uploads\/2024\/07\/1-4eole-gamme-1-300x200.jpg\" data-envira-src=\"https:\/\/www.owc.lu\/wp-content\/uploads\/2024\/07\/1-4eole-gamme-1-300x200.jpg\" data-envira-gallery-id=\"51504\" data-envira-item-id=\"50344\" data-envira-caption=\"1-4eole-gamme (1)\" alt=\"\" title=\"1-4eole-gamme (1)\"  itemprop=\"thumbnailUrl\" data-envira-srcset=\"https:\/\/www.owc.lu\/wp-content\/uploads\/2024\/07\/1-4eole-gamme-1-300x200.jpg 400w,https:\/\/www.owc.lu\/wp-content\/uploads\/2024\/07\/1-4eole-gamme-1-300x200.jpg 2x\" srcset=\"data:image\/gif;base64,R0lGODlhAQABAIAAAP\/\/\/\/\/\/\/yH5BAEKAAEALAAAAAABAAEAAAICTAEAOw==\" \/><\/div><\/a><\/div><\/div><div id=\"envira-gallery-item-50346\" class=\"envira-gallery-item enviratope-item envira-gallery-item-5 envira-lazy-load\" style=\"padding-left: 5px; padding-bottom: 10px; padding-right: 5px;\"  itemscope itemtype=\"https:\/\/schema.org\/ImageObject\"><div class=\"envira-gallery-item-inner\"><div class=\"envira-gallery-position-overlay  envira-gallery-top-left\"><\/div><div class=\"envira-gallery-position-overlay  envira-gallery-top-right\"><\/div><div class=\"envira-gallery-position-overlay  envira-gallery-bottom-left\"><\/div><div class=\"envira-gallery-position-overlay  envira-gallery-bottom-right\"><\/div><a href=\"https:\/\/www.owc.lu\/wp-content\/uploads\/2024\/07\/1-5DSC07515-1.jpg\" class=\"envira-gallery-51504 envira-gallery-link\" rel=\"enviragallery51504\" title=\"1-5DSC07515 (1)\" data-envira-caption=\"1-5DSC07515 (1)\" data-envira-retina=\"\" data-thumbnail=\"\"  itemprop=\"contentUrl\"><div class=\"envira-lazy\" data-test-width=\"640\" data-test-height=\"480\" style=\"padding-bottom:75%;\"><img decoding=\"async\" id=\"envira-gallery-image-50346\" class=\"envira-gallery-image envira-gallery-image-5\" data-envira-index=\"5\" src=\"https:\/\/www.owc.lu\/wp-content\/uploads\/2024\/07\/1-5DSC07515-1-300x200.jpg\" data-envira-src=\"https:\/\/www.owc.lu\/wp-content\/uploads\/2024\/07\/1-5DSC07515-1-300x200.jpg\" data-envira-gallery-id=\"51504\" data-envira-item-id=\"50346\" data-envira-caption=\"1-5DSC07515 (1)\" alt=\"\" title=\"1-5DSC07515 (1)\"  itemprop=\"thumbnailUrl\" data-envira-srcset=\"https:\/\/www.owc.lu\/wp-content\/uploads\/2024\/07\/1-5DSC07515-1-300x200.jpg 400w,https:\/\/www.owc.lu\/wp-content\/uploads\/2024\/07\/1-5DSC07515-1-300x200.jpg 2x\" srcset=\"data:image\/gif;base64,R0lGODlhAQABAIAAAP\/\/\/\/\/\/\/yH5BAEKAAEALAAAAAABAAEAAAICTAEAOw==\" \/><\/div><\/a><\/div><\/div><div id=\"envira-gallery-item-50348\" class=\"envira-gallery-item enviratope-item envira-gallery-item-6 envira-lazy-load\" style=\"padding-left: 5px; padding-bottom: 10px; padding-right: 5px;\"  itemscope itemtype=\"https:\/\/schema.org\/ImageObject\"><div class=\"envira-gallery-item-inner\"><div class=\"envira-gallery-position-overlay  envira-gallery-top-left\"><\/div><div class=\"envira-gallery-position-overlay  envira-gallery-top-right\"><\/div><div class=\"envira-gallery-position-overlay  envira-gallery-bottom-left\"><\/div><div class=\"envira-gallery-position-overlay  envira-gallery-bottom-right\"><\/div><a href=\"https:\/\/www.owc.lu\/wp-content\/uploads\/2024\/07\/1-658_w_2-1.jpg\" class=\"envira-gallery-51504 envira-gallery-link\" rel=\"enviragallery51504\" title=\"1-658_w_2 (1)\" data-envira-caption=\"1-658_w_2 (1)\" data-envira-retina=\"\" data-thumbnail=\"\"  itemprop=\"contentUrl\"><div class=\"envira-lazy\" data-test-width=\"640\" data-test-height=\"480\" style=\"padding-bottom:75%;\"><img decoding=\"async\" id=\"envira-gallery-image-50348\" class=\"envira-gallery-image envira-gallery-image-6\" data-envira-index=\"6\" src=\"https:\/\/www.owc.lu\/wp-content\/uploads\/2024\/07\/1-658_w_2-1-300x203.jpg\" data-envira-src=\"https:\/\/www.owc.lu\/wp-content\/uploads\/2024\/07\/1-658_w_2-1-300x203.jpg\" data-envira-gallery-id=\"51504\" data-envira-item-id=\"50348\" data-envira-caption=\"1-658_w_2 (1)\" alt=\"\" title=\"1-658_w_2 (1)\"  itemprop=\"thumbnailUrl\" data-envira-srcset=\"https:\/\/www.owc.lu\/wp-content\/uploads\/2024\/07\/1-658_w_2-1-300x203.jpg 400w,https:\/\/www.owc.lu\/wp-content\/uploads\/2024\/07\/1-658_w_2-1-300x203.jpg 2x\" srcset=\"data:image\/gif;base64,R0lGODlhAQABAIAAAP\/\/\/\/\/\/\/yH5BAEKAAEALAAAAAABAAEAAAICTAEAOw==\" \/><\/div><\/a><\/div><\/div><\/div><\/div><noscript><img decoding=\"async\" src=\"https:\/\/www.owc.lu\/wp-content\/uploads\/2024\/07\/1-1EOLE-D-STRESS-1.jpg\" alt=\"\" \/><img decoding=\"async\" src=\"https:\/\/www.owc.lu\/wp-content\/uploads\/2024\/07\/1-2-58_w_4-1.jpg\" alt=\"\" \/><img decoding=\"async\" src=\"https:\/\/www.owc.lu\/wp-content\/uploads\/2024\/07\/1-3-156241-chanteole-1.jpg\" alt=\"\" \/><img decoding=\"async\" src=\"https:\/\/www.owc.lu\/wp-content\/uploads\/2024\/07\/1-4eole-gamme-1.jpg\" alt=\"\" \/><img decoding=\"async\" src=\"https:\/\/www.owc.lu\/wp-content\/uploads\/2024\/07\/1-5DSC07515-1.jpg\" alt=\"\" \/><img decoding=\"async\" src=\"https:\/\/www.owc.lu\/wp-content\/uploads\/2024\/07\/1-658_w_2-1.jpg\" alt=\"\" \/><\/noscript>\n<\/div>\n<\/div>\n<\/div><\/div><\/div><\/div><\/div>\n","protected":false},"excerpt":{"rendered":"","protected":false},"author":1,"featured_media":0,"parent":0,"menu_order":0,"comment_status":"closed","ping_status":"closed","template":"","meta":{"inline_featured_image":false,"footnotes":""},"class_list":["post-48188","page","type-page","status-publish","hentry"],"_links":{"self":[{"href":"https:\/\/www.owc.lu\/en\/wp-json\/wp\/v2\/pages\/48188","targetHints":{"allow":["GET"]}}],"collection":[{"href":"https:\/\/www.owc.lu\/en\/wp-json\/wp\/v2\/pages"}],"about":[{"href":"https:\/\/www.owc.lu\/en\/wp-json\/wp\/v2\/types\/page"}],"author":[{"embeddable":true,"href":"https:\/\/www.owc.lu\/en\/wp-json\/wp\/v2\/users\/1"}],"replies":[{"embeddable":true,"href":"https:\/\/www.owc.lu\/en\/wp-json\/wp\/v2\/comments?post=48188"}],"version-history":[{"count":11,"href":"https:\/\/www.owc.lu\/en\/wp-json\/wp\/v2\/pages\/48188\/revisions"}],"predecessor-version":[{"id":51506,"href":"https:\/\/www.owc.lu\/en\/wp-json\/wp\/v2\/pages\/48188\/revisions\/51506"}],"wp:attachment":[{"href":"https:\/\/www.owc.lu\/en\/wp-json\/wp\/v2\/media?parent=48188"}],"curies":[{"name":"wp","href":"https:\/\/api.w.org\/{rel}","templated":true}]}}